{"id":293,"date":"2026-01-22T00:58:46","date_gmt":"2026-01-22T00:58:46","guid":{"rendered":"https:\/\/gfoxinsurance.com\/career\/"},"modified":"2026-02-13T16:43:21","modified_gmt":"2026-02-13T16:43:21","slug":"career","status":"publish","type":"page","link":"https:\/\/gfoxinsurance.com\/es\/career\/","title":{"rendered":"Career"},"content":{"rendered":"<div data-elementor-type=\"wp-page\" data-elementor-id=\"293\" class=\"elementor elementor-293\">\n\t\t\t\t<div class=\"elementor-element elementor-element-7b3c011d e-flex e-con-boxed e-con e-parent\" data-id=\"7b3c011d\" data-element_type=\"container\" data-e-type=\"container\" data-settings=\"{&quot;background_background&quot;:&quot;classic&quot;}\">\n\t\t\t\t\t<div class=\"e-con-inner\">\n\t\t<div class=\"elementor-element elementor-element-1b989312 e-con-full e-flex e-con e-child\" data-id=\"1b989312\" data-element_type=\"container\" data-e-type=\"container\">\n\t\t\t\t<div class=\"elementor-element elementor-element-56dc28f0 elementor-icon-list--layout-inline elementor-mobile-align-center elementor-align-center elementor-list-item-link-full_width elementor-widget elementor-widget-icon-list\" data-id=\"56dc28f0\" data-element_type=\"widget\" data-e-type=\"widget\" data-widget_type=\"icon-list.default\">\n\t\t\t\t\t\t\t<ul class=\"elementor-icon-list-items elementor-inline-items\">\n\t\t\t\t\t\t\t<li class=\"elementor-icon-list-item elementor-inline-item\">\n\t\t\t\t\t\t\t\t\t\t<span class=\"elementor-icon-list-text\">Inicio<\/span>\n\t\t\t\t\t\t\t\t\t<\/li>\n\t\t\t\t\t\t\t\t<li class=\"elementor-icon-list-item elementor-inline-item\">\n\t\t\t\t\t\t\t\t\t\t\t<span class=\"elementor-icon-list-icon\">\n\t\t\t\t\t\t\t<svg aria-hidden=\"true\" class=\"e-font-icon-svg e-fas-angle-right\" viewbox=\"0 0 256 512\" xmlns=\"http:\/\/www.w3.org\/2000\/svg\"><path d=\"M224.3 273l-136 136c-9.4 9.4-24.6 9.4-33.9 0l-22.6-22.6c-9.4-9.4-9.4-24.6 0-33.9l96.4-96.4-96.4-96.4c-9.4-9.4-9.4-24.6 0-33.9L54.3 103c9.4-9.4 24.6-9.4 33.9 0l136 136c9.5 9.4 9.5 24.6.1 34z\"><\/path><\/svg>\t\t\t\t\t\t<\/span>\n\t\t\t\t\t\t\t\t\t\t<span class=\"elementor-icon-list-text\">Aviso de Privacidad<\/span>\n\t\t\t\t\t\t\t\t\t<\/li>\n\t\t\t\t\t\t<\/ul>\n\t\t\t\t\t\t<\/div>\n\t\t\t\t<div class=\"elementor-element elementor-element-7c45b8f9 elementor-widget elementor-widget-heading\" data-id=\"7c45b8f9\" data-element_type=\"widget\" data-e-type=\"widget\" data-widget_type=\"heading.default\">\n\t\t\t\t\t<h1 class=\"elementor-heading-title elementor-size-default\">Pol\u00edtica de Privacidad y Condiciones de Uso<\/h1>\t\t\t\t<\/div>\n\t\t\t\t<\/div>\n\t\t\t\t\t<\/div>\n\t\t\t\t<\/div>\n\t\t<div class=\"elementor-element elementor-element-1ed07621 e-flex e-con-boxed e-con e-parent\" data-id=\"1ed07621\" data-element_type=\"container\" data-e-type=\"container\">\n\t\t\t\t\t<div class=\"e-con-inner\">\n\t\t<div class=\"elementor-element elementor-element-5d4e51d6 e-flex e-con-boxed e-con e-child\" data-id=\"5d4e51d6\" data-element_type=\"container\" data-e-type=\"container\">\n\t\t\t\t\t<div class=\"e-con-inner\">\n\t\t\t\t<div class=\"elementor-element elementor-element-6ee51426 elementor-widget elementor-widget-heading\" data-id=\"6ee51426\" data-element_type=\"widget\" data-e-type=\"widget\" data-widget_type=\"heading.default\">\n\t\t\t\t\t<h2 class=\"elementor-heading-title elementor-size-default\">Aviso de Privacidad<\/h2>\t\t\t\t<\/div>\n\t\t\t\t<div class=\"elementor-element elementor-element-5bf97347 elementor-widget__width-initial elementor-widget-tablet__width-initial elementor-widget elementor-widget-text-editor\" data-id=\"5bf97347\" data-element_type=\"widget\" data-e-type=\"widget\" data-widget_type=\"text-editor.default\">\n\t\t\t\t\t\t\t\t\t<p><span style=\"font-weight: 400;\">G-Fox Insurance \/ Robert Fox Insurance Agency LLC (\u00abnosotros\u00bb, \u00abnos\u00bb o \u00abnuestro\u00bb) se compromete a proteger la privacidad y confidencialidad de la informaci\u00f3n personal obtenida al prestar servicios relacionados con seguros. Esta Pol\u00edtica de Privacidad explica c\u00f3mo recopilamos, usamos, divulgamos y protegemos la informaci\u00f3n de acuerdo con las leyes federales y estatales de Texas aplicables.<\/span><\/p>\t\t\t\t\t\t\t\t<\/div>\n\t\t\t\t\t<\/div>\n\t\t\t\t<\/div>\n\t\t\t\t\t<\/div>\n\t\t\t\t<\/div>\n\t\t<div class=\"elementor-element elementor-element-e1ace52 e-flex e-con-boxed e-con e-parent\" data-id=\"e1ace52\" data-element_type=\"container\" data-e-type=\"container\">\n\t\t\t\t\t<div class=\"e-con-inner\">\n\t\t\t\t<div class=\"elementor-element elementor-element-6161473 elementor-widget elementor-widget-text-editor\" data-id=\"6161473\" data-element_type=\"widget\" data-e-type=\"widget\" data-widget_type=\"text-editor.default\">\n\t\t\t\t\t\t\t\t\t<p><b>Informaci\u00f3n Que Recopilamos<\/b><\/p><p><span style=\"font-weight: 400;\">Podemos recopilar informaci\u00f3n personal necesaria para brindar servicios de seguros, incluidos, entre otros:<\/span><\/p><ul><li style=\"font-weight: 400;\" aria-level=\"1\"><span style=\"font-weight: 400;\">Nombre, direcci\u00f3n, n\u00famero de tel\u00e9fono y direcci\u00f3n de correo electr\u00f3nico<\/span><\/li><li style=\"font-weight: 400;\" aria-level=\"1\"><span style=\"font-weight: 400;\">Fecha de nacimiento e informaci\u00f3n demogr\u00e1fica<\/span><\/li><li style=\"font-weight: 400;\" aria-level=\"1\"><span style=\"font-weight: 400;\">Historial de seguros y detalles de cobertura<\/span><\/li><li style=\"font-weight: 400;\" aria-level=\"1\"><span style=\"font-weight: 400;\">Informaci\u00f3n comercial (para consultas sobre seguros comerciales)<\/span><\/li><li style=\"font-weight: 400;\" aria-level=\"1\"><span style=\"font-weight: 400;\">Informaci\u00f3n enviada a trav\u00e9s de formularios de contacto, solicitudes de cotizaci\u00f3n o consultas<\/span><\/li><\/ul><p><span style=\"font-weight: 400;\">No recopilamos intencionalmente informaci\u00f3n personal de ni\u00f1os menores de 13 a\u00f1os.<\/span><\/p><p><b>C\u00f3mo utilizamos la informaci\u00f3n<\/b><\/p><p><span style=\"font-weight: 400;\">La informaci\u00f3n personal se utiliza \u00fanicamente para fines comerciales leg\u00edtimos, incluidos:<\/span><\/p><ul><li style=\"font-weight: 400;\" aria-level=\"1\"><span style=\"font-weight: 400;\">Responder a consultas y solicitudes de informaci\u00f3n<\/span><\/li><li style=\"font-weight: 400;\" aria-level=\"1\"><span style=\"font-weight: 400;\">Asistencia con solicitudes de seguros y revisiones de cobertura.<\/span><\/li><li style=\"font-weight: 400;\" aria-level=\"1\"><span style=\"font-weight: 400;\">Comunicaci\u00f3n sobre pol\u00edticas, servicios o cambios<\/span><\/li><li style=\"font-weight: 400;\" aria-level=\"1\"><span style=\"font-weight: 400;\">Cumplir con las obligaciones legales, reglamentarias y de licencias<\/span><\/li><\/ul><p><span style=\"font-weight: 400;\">La informaci\u00f3n se utiliza s\u00f3lo en la medida necesaria para proporcionar servicios relacionados con seguros.<\/span><\/p><p><b>Intercambio y divulgaci\u00f3n de informaci\u00f3n<\/b><\/p><p><span style=\"font-weight: 400;\">Podemos compartir informaci\u00f3n personal solo seg\u00fan lo permita o requiera la ley, incluso con:<\/span><\/p><ul><li style=\"font-weight: 400;\" aria-level=\"1\"><span style=\"font-weight: 400;\">Compa\u00f1\u00edas de seguros para suscripci\u00f3n, cotizaci\u00f3n y servicio de p\u00f3lizas<\/span><\/li><li style=\"font-weight: 400;\" aria-level=\"1\"><span style=\"font-weight: 400;\">Proveedores de servicios que ayudan con las operaciones comerciales (sujetos a obligaciones de confidencialidad)<\/span><\/li><li style=\"font-weight: 400;\" aria-level=\"1\"><span style=\"font-weight: 400;\">Autoridades reguladoras seg\u00fan lo exija la ley<\/span><\/li><\/ul><p><span style=\"font-weight: 400;\">Nosotros <\/span><b>no<\/b><span style=\"font-weight: 400;\"> vendemos informaci\u00f3n personal a terceros.<\/span><\/p><p><b>Seguridad de datos<\/b><\/p><p><span style=\"font-weight: 400;\">Mantenemos medidas de seguridad administrativas, t\u00e9cnicas y f\u00edsicas razonables dise\u00f1adas para proteger la informaci\u00f3n personal del acceso no autorizado, la divulgaci\u00f3n o el uso indebido. Si bien ning\u00fan sistema puede garantizar la completa seguridad, tomamos las medidas necesarias para salvaguardar su informaci\u00f3n.<\/span><\/p><p><b>Sus derechos de privacidad<\/b><\/p><p><span style=\"font-weight: 400;\">Puede solicitar el acceso o la correcci\u00f3n de su informaci\u00f3n personal contact\u00e1ndonos mediante la informaci\u00f3n que aparece a continuaci\u00f3n. Algunas solicitudes pueden estar sujetas a restricciones legales o contractuales.<\/span><\/p><p><b>Cambios a esta Pol\u00edtica de Privacidad<\/b><\/p><p><span style=\"font-weight: 400;\">Nos reservamos el derecho de actualizar esta Pol\u00edtica de Privacidad en cualquier momento. Las actualizaciones se publicar\u00e1n en esta p\u00e1gina con la fecha de entrada en vigor revisada.<\/span><\/p><p><b>Informaci\u00f3n de contacto<\/b><\/p><p><span style=\"font-weight: 400;\">Si tiene preguntas sobre esta Pol\u00edtica de privacidad, comun\u00edquese con:<\/span><\/p><p><b>G-Fox Insurance<\/b><b><br \/><\/b><span style=\"font-weight: 400;\">1006 Mission Hills Dr, Marble Falls, TX, 78654<\/span><span style=\"font-weight: 400;\"><br \/><\/span><span style=\"font-weight: 400;\"> +1 830-953-1820<\/span><span style=\"font-weight: 400;\"><br \/><\/span><span style=\"font-weight: 400;\"> caitlin@gfoxinsurance.com<\/span><\/p><p><b>Condiciones de uso<\/b><\/p><p><span style=\"font-weight: 400;\">Al acceder o utilizar este sitio web, usted acepta las siguientes Condiciones de Uso. Si no las acepta, le rogamos que no utilice este sitio web.<\/span><\/p><p><b>S\u00f3lo para uso informativo<\/b><\/p><p><span style=\"font-weight: 400;\">El contenido de este sitio web se proporciona \u00fanicamente con fines informativos generales y no constituye asesoramiento sobre seguros, una cotizaci\u00f3n vinculante ni un contrato de seguro. La cobertura est\u00e1 sujeta a los t\u00e9rminos, condiciones y exclusiones de la p\u00f3liza, as\u00ed como a la aprobaci\u00f3n de la aseguradora emisora.<\/span><\/p><p><b>Sin garant\u00eda de cobertura ni tarifas<\/b><\/p><p><span style=\"font-weight: 400;\">La cobertura, la disponibilidad y los precios del seguro var\u00edan seg\u00fan las circunstancias individuales y las directrices de suscripci\u00f3n de la aseguradora. Nada en este sitio web garantiza la cobertura, la aceptaci\u00f3n ni los t\u00e9rminos espec\u00edficos de la p\u00f3liza.<\/span><\/p><p><b>Divulgaci\u00f3n de licencias<\/b><\/p><p><span style=\"font-weight: 400;\">G-Fox Insurance\/Robert Fox Insurance Agency LLC es una agencia de seguros con licencia en Texas. Este sitio web no est\u00e1 afiliado, respaldado ni operado por el Departamento de Seguros de Texas ni por ninguna agencia gubernamental.<\/span><\/p><p><b>Uso del sitio web<\/b><\/p><p><span style=\"font-weight: 400;\">Usted acepta usar este sitio web \u00fanicamente con fines l\u00edcitos. No podr\u00e1:<\/span><\/p><ul><li style=\"font-weight: 400;\" aria-level=\"1\"><span style=\"font-weight: 400;\">Presentar informaci\u00f3n falsa o enga\u00f1osa<\/span><\/li><li style=\"font-weight: 400;\" aria-level=\"1\"><span style=\"font-weight: 400;\">Intentar obtener acceso no autorizado a los sistemas del sitio web<\/span><\/li><li style=\"font-weight: 400;\" aria-level=\"1\"><span style=\"font-weight: 400;\">Utilizar el sitio de una manera que altere su funcionamiento o seguridad.<\/span><\/li><\/ul><p><b>Enlaces de terceros<\/b><\/p><p><span style=\"font-weight: 400;\">Este sitio web puede contener enlaces a sitios web de terceros para su comodidad. G-Fox Insurance\/Robert Fox Insurance Agency LLC no se responsabiliza del contenido, las pr\u00e1cticas de privacidad ni la precisi\u00f3n de dichos sitios.<\/span><\/p><p><b>Propiedad Intelectual<\/b><\/p><p><span style=\"font-weight: 400;\">Todo el contenido de este sitio web, incluidos textos, logotipos, gr\u00e1ficos y dise\u00f1o, es propiedad de G-Fox Insurance\/Robert Fox Insurance Agency LLC o sus licenciantes y no puede copiarse, reproducirse ni distribuirse sin consentimiento previo por escrito.<\/span><\/p><p><b>Limitante de responsabilidad<\/b><\/p><p><span style=\"font-weight: 400;\">G-Fox Insurance\/Robert Fox Insurance Agency LLC no ser\u00e1 responsable de ning\u00fan da\u00f1o que surja del uso o la imposibilidad de usar este sitio web o de la confianza en su contenido, en la m\u00e1xima medida permitida por la ley.<\/span><\/p><p><b>Cambios en los t\u00e9rminos<\/b><\/p><p><span style=\"font-weight: 400;\">Nos reservamos el derecho de modificar estas Condiciones de Uso en cualquier momento. El uso continuado del sitio web implica la aceptaci\u00f3n de cualquier cambio.<\/span><\/p><p><b>Ley aplicable<\/b><\/p><p><span style=\"font-weight: 400;\">Estos T\u00e9rminos de uso se rigen por las leyes del Estado de Texas, sin tener en cuenta los principios de conflicto de leyes.<\/span><\/p>\t\t\t\t\t\t\t\t<\/div>\n\t\t\t\t\t<\/div>\n\t\t\t\t<\/div>\n\t\t\t\t<\/div>","protected":false},"excerpt":{"rendered":"<p>Home Privacy Policy Privacy Policy &amp; Terms of Use Privacy Policy G-Fox Insurance \/ Robert Fox Insurance Agency LLC (\u201cwe,\u201d \u201cus,\u201d or \u201cour\u201d) is committed to protecting the privacy and confidentiality of personal information obtained in the course of providing insurance-related services. This Privacy Policy explains how we collect, use, disclose, and safeguard information in<\/p>","protected":false},"author":1,"featured_media":0,"parent":0,"menu_order":0,"comment_status":"closed","ping_status":"closed","template":"elementor_header_footer","meta":{"solace_meta_sidebar":"","solace_meta_container":"","solace_meta_enable_content_width":"","solace_meta_content_width":0,"solace_meta_title_alignment":"","solace_meta_author_avatar":"","solace_post_elements_order":"","solace_meta_disable_header":"","solace_meta_disable_footer":"","solace_meta_disable_title":"","footnotes":""},"class_list":["post-293","page","type-page","status-publish","hentry"],"brizy_media":[],"_links":{"self":[{"href":"https:\/\/gfoxinsurance.com\/es\/wp-json\/wp\/v2\/pages\/293","targetHints":{"allow":["GET"]}}],"collection":[{"href":"https:\/\/gfoxinsurance.com\/es\/wp-json\/wp\/v2\/pages"}],"about":[{"href":"https:\/\/gfoxinsurance.com\/es\/wp-json\/wp\/v2\/types\/page"}],"author":[{"embeddable":true,"href":"https:\/\/gfoxinsurance.com\/es\/wp-json\/wp\/v2\/users\/1"}],"replies":[{"embeddable":true,"href":"https:\/\/gfoxinsurance.com\/es\/wp-json\/wp\/v2\/comments?post=293"}],"version-history":[{"count":5,"href":"https:\/\/gfoxinsurance.com\/es\/wp-json\/wp\/v2\/pages\/293\/revisions"}],"predecessor-version":[{"id":988,"href":"https:\/\/gfoxinsurance.com\/es\/wp-json\/wp\/v2\/pages\/293\/revisions\/988"}],"wp:attachment":[{"href":"https:\/\/gfoxinsurance.com\/es\/wp-json\/wp\/v2\/media?parent=293"}],"curies":[{"name":"wp","href":"https:\/\/api.w.org\/{rel}","templated":true}]}}