{"id":323,"date":"2026-01-22T00:58:47","date_gmt":"2026-01-22T00:58:47","guid":{"rendered":"https:\/\/gfoxinsurance.com\/services\/"},"modified":"2026-02-12T23:06:01","modified_gmt":"2026-02-12T23:06:01","slug":"services","status":"publish","type":"page","link":"https:\/\/gfoxinsurance.com\/es\/services\/","title":{"rendered":"Servicios"},"content":{"rendered":"<div data-elementor-type=\"wp-page\" data-elementor-id=\"323\" class=\"elementor elementor-323\">\n\t\t\t\t<div class=\"elementor-element elementor-element-86d1f1e e-flex e-con-boxed e-con e-parent\" data-id=\"86d1f1e\" data-element_type=\"container\" data-e-type=\"container\" data-settings=\"{&quot;background_background&quot;:&quot;classic&quot;}\">\n\t\t\t\t\t<div class=\"e-con-inner\">\n\t\t<div class=\"elementor-element elementor-element-783a78dd e-con-full e-flex e-con e-child\" data-id=\"783a78dd\" data-element_type=\"container\" data-e-type=\"container\">\n\t\t\t\t<div class=\"elementor-element elementor-element-11843855 elementor-icon-list--layout-inline elementor-mobile-align-center elementor-align-center elementor-widget__width-inherit elementor-list-item-link-full_width elementor-widget elementor-widget-icon-list\" data-id=\"11843855\" data-element_type=\"widget\" data-e-type=\"widget\" data-widget_type=\"icon-list.default\">\n\t\t\t\t\t\t\t<ul class=\"elementor-icon-list-items elementor-inline-items\">\n\t\t\t\t\t\t\t<li class=\"elementor-icon-list-item elementor-inline-item\">\n\t\t\t\t\t\t\t\t\t\t<span class=\"elementor-icon-list-text\">Inicio<\/span>\n\t\t\t\t\t\t\t\t\t<\/li>\n\t\t\t\t\t\t\t\t<li class=\"elementor-icon-list-item elementor-inline-item\">\n\t\t\t\t\t\t\t\t\t\t\t<span class=\"elementor-icon-list-icon\">\n\t\t\t\t\t\t\t<svg aria-hidden=\"true\" class=\"e-font-icon-svg e-fas-angle-right\" viewbox=\"0 0 256 512\" xmlns=\"http:\/\/www.w3.org\/2000\/svg\"><path d=\"M224.3 273l-136 136c-9.4 9.4-24.6 9.4-33.9 0l-22.6-22.6c-9.4-9.4-9.4-24.6 0-33.9l96.4-96.4-96.4-96.4c-9.4-9.4-9.4-24.6 0-33.9L54.3 103c9.4-9.4 24.6-9.4 33.9 0l136 136c9.5 9.4 9.5 24.6.1 34z\"><\/path><\/svg>\t\t\t\t\t\t<\/span>\n\t\t\t\t\t\t\t\t\t\t<span class=\"elementor-icon-list-text\">Servicios<\/span>\n\t\t\t\t\t\t\t\t\t<\/li>\n\t\t\t\t\t\t<\/ul>\n\t\t\t\t\t\t<\/div>\n\t\t\t\t<div class=\"elementor-element elementor-element-3591c147 elementor-widget elementor-widget-heading\" data-id=\"3591c147\" data-element_type=\"widget\" data-e-type=\"widget\" data-widget_type=\"heading.default\">\n\t\t\t\t\t<h1 class=\"elementor-heading-title elementor-size-default\">Servicios<\/h1>\t\t\t\t<\/div>\n\t\t\t\t<\/div>\n\t\t\t\t\t<\/div>\n\t\t\t\t<\/div>\n\t\t<div class=\"elementor-element elementor-element-45fa3208 e-flex e-con-boxed e-con e-parent\" data-id=\"45fa3208\" data-element_type=\"container\" data-e-type=\"container\" data-settings=\"{&quot;background_background&quot;:&quot;classic&quot;}\">\n\t\t\t\t\t<div class=\"e-con-inner\">\n\t\t<div class=\"elementor-element elementor-element-6d3144c7 e-flex e-con-boxed e-con e-child\" data-id=\"6d3144c7\" data-element_type=\"container\" data-e-type=\"container\">\n\t\t\t\t\t<div class=\"e-con-inner\">\n\t\t<div class=\"elementor-element elementor-element-758533ea e-con-full e-flex e-con e-child\" data-id=\"758533ea\" data-element_type=\"container\" data-e-type=\"container\">\n\t\t\t\t<div class=\"elementor-element elementor-element-4209eee0 elementor-widget__width-inherit elementor-widget elementor-widget-heading\" data-id=\"4209eee0\" data-element_type=\"widget\" data-e-type=\"widget\" data-widget_type=\"heading.default\">\n\t\t\t\t\t<h2 class=\"elementor-heading-title elementor-size-default\">NUESTROS SERVICIOS<\/h2>\t\t\t\t<\/div>\n\t\t\t\t<div class=\"elementor-element elementor-element-954eb82 elementor-widget__width-initial elementor-widget-tablet__width-initial elementor-widget elementor-widget-heading\" data-id=\"954eb82\" data-element_type=\"widget\" data-e-type=\"widget\" data-widget_type=\"heading.default\">\n\t\t\t\t\t<h2 class=\"elementor-heading-title elementor-size-default\">Seguro personalizado para clientes de Texas.<\/h2>\t\t\t\t<\/div>\n\t\t\t\t<div class=\"elementor-element elementor-element-5cbf4ad8 elementor-widget__width-initial elementor-widget elementor-widget-text-editor\" data-id=\"5cbf4ad8\" data-element_type=\"widget\" data-e-type=\"widget\" data-widget_type=\"text-editor.default\">\n\t\t\t\t\t\t\t\t\t<p><b>Auto, Hogar, Negocio y M\u00e1s.<\/b><\/p><p><b>Como agencia de seguros con licencia en Texas, G-Fox Insurance trabaja con m\u00faltiples compa\u00f1\u00edas de seguros para ofrecer una amplia gama de opciones de cobertura en l\u00edneas personales y comerciales.<\/b><\/p>\t\t\t\t\t\t\t\t<\/div>\n\t\t\t\t<\/div>\n\t\t<div class=\"elementor-element elementor-element-972c43d e-con-full e-flex e-con e-child\" data-id=\"972c43d\" data-element_type=\"container\" data-e-type=\"container\" data-settings=\"{&quot;background_background&quot;:&quot;classic&quot;}\">\n\t\t\t\t<div class=\"elementor-element elementor-element-11e94923 elementor-widget__width-inherit elementor-widget elementor-widget-image\" data-id=\"11e94923\" data-element_type=\"widget\" data-e-type=\"widget\" data-widget_type=\"image.default\">\n\t\t\t\t\t\t\t\t\t\t\t\t\t\t\t<img fetchpriority=\"high\" decoding=\"async\" width=\"2560\" height=\"1156\" src=\"https:\/\/gfoxinsurance.com\/wp-content\/uploads\/2026\/02\/Auto-Pic-scaled-e1770929192953.jpeg\" class=\"attachment-full size-full wp-image-735\" alt=\"\" srcset=\"https:\/\/gfoxinsurance.com\/wp-content\/uploads\/2026\/02\/Auto-Pic-scaled-e1770929192953.jpeg 2560w, https:\/\/gfoxinsurance.com\/wp-content\/uploads\/2026\/02\/Auto-Pic-scaled-e1770929192953-300x135.jpeg 300w, https:\/\/gfoxinsurance.com\/wp-content\/uploads\/2026\/02\/Auto-Pic-scaled-e1770929192953-1024x462.jpeg 1024w, https:\/\/gfoxinsurance.com\/wp-content\/uploads\/2026\/02\/Auto-Pic-scaled-e1770929192953-768x347.jpeg 768w, https:\/\/gfoxinsurance.com\/wp-content\/uploads\/2026\/02\/Auto-Pic-scaled-e1770929192953-1536x694.jpeg 1536w, https:\/\/gfoxinsurance.com\/wp-content\/uploads\/2026\/02\/Auto-Pic-scaled-e1770929192953-2048x925.jpeg 2048w, https:\/\/gfoxinsurance.com\/wp-content\/uploads\/2026\/02\/Auto-Pic-scaled-e1770929192953-18x8.jpeg 18w\" sizes=\"(max-width: 2560px) 100vw, 2560px\" \/>\t\t\t\t\t\t\t\t\t\t\t\t\t\t\t<\/div>\n\t\t\t\t<div class=\"elementor-element elementor-element-4905572a elementor-widget__width-inherit elementor-widget elementor-widget-heading\" data-id=\"4905572a\" data-element_type=\"widget\" data-e-type=\"widget\" data-widget_type=\"heading.default\">\n\t\t\t\t\t<h5 class=\"elementor-heading-title elementor-size-default\">Seguro de Autom\u00f3vil de Manera F\u00e1cil.<\/h5>\t\t\t\t<\/div>\n\t\t\t\t<div class=\"elementor-element elementor-element-1943080e elementor-widget__width-inherit elementor-widget elementor-widget-text-editor\" data-id=\"1943080e\" data-element_type=\"widget\" data-e-type=\"widget\" data-widget_type=\"text-editor.default\">\n\t\t\t\t\t\t\t\t\t<p><span style=\"font-weight: 400;\">En G-Fox Insurance, ayudamos a los conductores en Marble Falls, Houston y en todo Texas a encontrar una cobertura de seguro de autom\u00f3vil que se ajuste a sus necesidades y cumpla con los requisitos estatales. <\/span><\/p><p><span style=\"font-weight: 400;\">Ya sea que est\u00e9 asegurando su primer veh\u00edculo, agregando un conductor o revisando una p\u00f3liza existente, estamos aqu\u00ed para guiarlo en cada paso del camino.<\/span><\/p>\t\t\t\t\t\t\t\t<\/div>\n\t\t<div class=\"elementor-element elementor-element-5730e444 e-flex e-con-boxed e-con e-child\" data-id=\"5730e444\" data-element_type=\"container\" data-e-type=\"container\">\n\t\t\t\t\t<div class=\"e-con-inner\">\n\t\t<div class=\"elementor-element elementor-element-53500337 e-con-full e-flex e-con e-child\" data-id=\"53500337\" data-element_type=\"container\" data-e-type=\"container\">\n\t\t\t\t<div class=\"elementor-element elementor-element-3a817a2a elementor-widget elementor-widget-heading\" data-id=\"3a817a2a\" data-element_type=\"widget\" data-e-type=\"widget\" data-widget_type=\"heading.default\">\n\t\t\t\t\t<h2 class=\"elementor-heading-title elementor-size-default\">Starting at<\/h2>\t\t\t\t<\/div>\n\t\t\t\t<div class=\"elementor-element elementor-element-1581b43b elementor-widget elementor-widget-heading\" data-id=\"1581b43b\" data-element_type=\"widget\" data-e-type=\"widget\" data-widget_type=\"heading.default\">\n\t\t\t\t\t<h2 class=\"elementor-heading-title elementor-size-default\">$1250\/<\/h2>\t\t\t\t<\/div>\n\t\t\t\t<div class=\"elementor-element elementor-element-1ec322fe elementor-widget elementor-widget-heading\" data-id=\"1ec322fe\" data-element_type=\"widget\" data-e-type=\"widget\" data-widget_type=\"heading.default\">\n\t\t\t\t\t<h2 class=\"elementor-heading-title elementor-size-default\">project<\/h2>\t\t\t\t<\/div>\n\t\t\t\t<\/div>\n\t\t\t\t<div class=\"elementor-element elementor-element-3e35bab4 elementor-mobile-align-justify elementor-widget-mobile__width-inherit elementor-align-right elementor-tablet-align-center elementor-widget-tablet__width-auto elementor-widget elementor-widget-button\" data-id=\"3e35bab4\" data-element_type=\"widget\" data-e-type=\"widget\" data-widget_type=\"button.default\">\n\t\t\t\t\t\t\t\t\t\t<a class=\"elementor-button elementor-button-link elementor-size-sm\" href=\"https:\/\/gfoxinsurance.com\/es\/elementor-628\/\">\n\t\t\t\t\t\t<span class=\"elementor-button-content-wrapper\">\n\t\t\t\t\t\t\t\t\t<span class=\"elementor-button-text\">Conozca M\u00e1s<\/span>\n\t\t\t\t\t<\/span>\n\t\t\t\t\t<\/a>\n\t\t\t\t\t\t\t\t<\/div>\n\t\t\t\t\t<\/div>\n\t\t\t\t<\/div>\n\t\t\t\t<\/div>\n\t\t<div class=\"elementor-element elementor-element-4f194826 e-con-full e-flex e-con e-child\" data-id=\"4f194826\" data-element_type=\"container\" data-e-type=\"container\" data-settings=\"{&quot;background_background&quot;:&quot;classic&quot;}\">\n\t\t\t\t<div class=\"elementor-element elementor-element-12e671ec elementor-widget__width-inherit elementor-widget elementor-widget-image\" data-id=\"12e671ec\" data-element_type=\"widget\" data-e-type=\"widget\" data-widget_type=\"image.default\">\n\t\t\t\t\t\t\t\t\t\t\t\t\t\t\t<img decoding=\"async\" width=\"2560\" height=\"892\" src=\"https:\/\/gfoxinsurance.com\/wp-content\/uploads\/2026\/02\/HO-Pic-scaled-e1770929581157.jpeg\" class=\"attachment-full size-full wp-image-738\" alt=\"\" srcset=\"https:\/\/gfoxinsurance.com\/wp-content\/uploads\/2026\/02\/HO-Pic-scaled-e1770929581157.jpeg 2560w, https:\/\/gfoxinsurance.com\/wp-content\/uploads\/2026\/02\/HO-Pic-scaled-e1770929581157-300x105.jpeg 300w, https:\/\/gfoxinsurance.com\/wp-content\/uploads\/2026\/02\/HO-Pic-scaled-e1770929581157-1024x357.jpeg 1024w, https:\/\/gfoxinsurance.com\/wp-content\/uploads\/2026\/02\/HO-Pic-scaled-e1770929581157-768x268.jpeg 768w, https:\/\/gfoxinsurance.com\/wp-content\/uploads\/2026\/02\/HO-Pic-scaled-e1770929581157-1536x535.jpeg 1536w, https:\/\/gfoxinsurance.com\/wp-content\/uploads\/2026\/02\/HO-Pic-scaled-e1770929581157-2048x714.jpeg 2048w, https:\/\/gfoxinsurance.com\/wp-content\/uploads\/2026\/02\/HO-Pic-scaled-e1770929581157-18x6.jpeg 18w\" sizes=\"(max-width: 2560px) 100vw, 2560px\" \/>\t\t\t\t\t\t\t\t\t\t\t\t\t\t\t<\/div>\n\t\t\t\t<div class=\"elementor-element elementor-element-49926cbc elementor-widget__width-inherit elementor-widget elementor-widget-heading\" data-id=\"49926cbc\" data-element_type=\"widget\" data-e-type=\"widget\" data-widget_type=\"heading.default\">\n\t\t\t\t\t<h5 class=\"elementor-heading-title elementor-size-default\">Seguro de Hogar en Texas<\/h5>\t\t\t\t<\/div>\n\t\t\t\t<div class=\"elementor-element elementor-element-3ddec261 elementor-widget__width-inherit elementor-widget elementor-widget-text-editor\" data-id=\"3ddec261\" data-element_type=\"widget\" data-e-type=\"widget\" data-widget_type=\"text-editor.default\">\n\t\t\t\t\t\t\t\t\t<p><b>Protegiendo su hogar y lo que hay dentro de \u00e9l.<\/b><\/p><p><span style=\"font-weight: 400;\">Su hogar es m\u00e1s que un simple edificio: es donde sucede la vida. G-Fox Insurance ayuda a los propietarios a explorar <\/span><b>opciones de aseguramiento de hogares<\/b><span style=\"font-weight: 400;\"> dise\u00f1ado para proteger su propiedad, pertenencias y responsabilidad personal.<\/span><\/p>\t\t\t\t\t\t\t\t<\/div>\n\t\t<div class=\"elementor-element elementor-element-5f190a7 e-flex e-con-boxed e-con e-child\" data-id=\"5f190a7\" data-element_type=\"container\" data-e-type=\"container\">\n\t\t\t\t\t<div class=\"e-con-inner\">\n\t\t<div class=\"elementor-element elementor-element-62abac2 e-con-full e-flex e-con e-child\" data-id=\"62abac2\" data-element_type=\"container\" data-e-type=\"container\">\n\t\t\t\t<div class=\"elementor-element elementor-element-b7f3027 elementor-widget elementor-widget-heading\" data-id=\"b7f3027\" data-element_type=\"widget\" data-e-type=\"widget\" data-widget_type=\"heading.default\">\n\t\t\t\t\t<h2 class=\"elementor-heading-title elementor-size-default\">Starting at<\/h2>\t\t\t\t<\/div>\n\t\t\t\t<div class=\"elementor-element elementor-element-35a3566e elementor-widget elementor-widget-heading\" data-id=\"35a3566e\" data-element_type=\"widget\" data-e-type=\"widget\" data-widget_type=\"heading.default\">\n\t\t\t\t\t<h2 class=\"elementor-heading-title elementor-size-default\">$1700\/<\/h2>\t\t\t\t<\/div>\n\t\t\t\t<div class=\"elementor-element elementor-element-4f3e6891 elementor-widget elementor-widget-heading\" data-id=\"4f3e6891\" data-element_type=\"widget\" data-e-type=\"widget\" data-widget_type=\"heading.default\">\n\t\t\t\t\t<h2 class=\"elementor-heading-title elementor-size-default\">project<\/h2>\t\t\t\t<\/div>\n\t\t\t\t<\/div>\n\t\t\t\t<div class=\"elementor-element elementor-element-30489c5a elementor-mobile-align-justify elementor-widget-mobile__width-inherit elementor-align-right elementor-tablet-align-center elementor-widget-tablet__width-auto elementor-widget elementor-widget-button\" data-id=\"30489c5a\" data-element_type=\"widget\" data-e-type=\"widget\" data-widget_type=\"button.default\">\n\t\t\t\t\t\t\t\t\t\t<a class=\"elementor-button elementor-button-link elementor-size-sm\" href=\"https:\/\/gfoxinsurance.com\/es\/home-insurance\/\">\n\t\t\t\t\t\t<span class=\"elementor-button-content-wrapper\">\n\t\t\t\t\t\t\t\t\t<span class=\"elementor-button-text\">Conozca M\u00e1s<\/span>\n\t\t\t\t\t<\/span>\n\t\t\t\t\t<\/a>\n\t\t\t\t\t\t\t\t<\/div>\n\t\t\t\t\t<\/div>\n\t\t\t\t<\/div>\n\t\t\t\t<\/div>\n\t\t<div class=\"elementor-element elementor-element-460a6155 e-con-full e-flex e-con e-child\" data-id=\"460a6155\" data-element_type=\"container\" data-e-type=\"container\" data-settings=\"{&quot;background_background&quot;:&quot;classic&quot;}\">\n\t\t\t\t<div class=\"elementor-element elementor-element-352c498e elementor-widget__width-inherit elementor-widget elementor-widget-image\" data-id=\"352c498e\" data-element_type=\"widget\" data-e-type=\"widget\" data-widget_type=\"image.default\">\n\t\t\t\t\t\t\t\t\t\t\t\t\t\t\t<img decoding=\"async\" width=\"2560\" height=\"1435\" src=\"https:\/\/gfoxinsurance.com\/wp-content\/uploads\/2026\/02\/BOP-Pic-scaled.jpg\" class=\"attachment-full size-full wp-image-737\" alt=\"\" srcset=\"https:\/\/gfoxinsurance.com\/wp-content\/uploads\/2026\/02\/BOP-Pic-scaled.jpg 2560w, https:\/\/gfoxinsurance.com\/wp-content\/uploads\/2026\/02\/BOP-Pic-300x168.jpg 300w, https:\/\/gfoxinsurance.com\/wp-content\/uploads\/2026\/02\/BOP-Pic-1024x574.jpg 1024w, https:\/\/gfoxinsurance.com\/wp-content\/uploads\/2026\/02\/BOP-Pic-768x430.jpg 768w, https:\/\/gfoxinsurance.com\/wp-content\/uploads\/2026\/02\/BOP-Pic-1536x861.jpg 1536w, https:\/\/gfoxinsurance.com\/wp-content\/uploads\/2026\/02\/BOP-Pic-2048x1148.jpg 2048w, https:\/\/gfoxinsurance.com\/wp-content\/uploads\/2026\/02\/BOP-Pic-18x10.jpg 18w\" sizes=\"(max-width: 2560px) 100vw, 2560px\" \/>\t\t\t\t\t\t\t\t\t\t\t\t\t\t\t<\/div>\n\t\t\t\t<div class=\"elementor-element elementor-element-5e730acf elementor-widget__width-inherit elementor-widget elementor-widget-heading\" data-id=\"5e730acf\" data-element_type=\"widget\" data-e-type=\"widget\" data-widget_type=\"heading.default\">\n\t\t\t\t\t<h5 class=\"elementor-heading-title elementor-size-default\">Seguro de Negocio en Texas<\/h5>\t\t\t\t<\/div>\n\t\t\t\t<div class=\"elementor-element elementor-element-1e5f9671 elementor-widget__width-inherit elementor-widget elementor-widget-text-editor\" data-id=\"1e5f9671\" data-element_type=\"widget\" data-e-type=\"widget\" data-widget_type=\"text-editor.default\">\n\t\t\t\t\t\t\t\t\t<p><span style=\"font-weight: 400;\">Dirigir una empresa conlleva riesgos, y la cobertura de seguro adecuada puede ayudar a proteger lo que usted ha trabajado duro para construir. <\/span><\/p><p><span style=\"font-weight: 400;\">G-Fox Insurance trabaja con <\/span><b>due\u00f1os de negocios en todo Texas<\/b><span style=\"font-weight: 400;\"> a identificar opciones de cobertura dise\u00f1adas para sus operaciones, empleados y activos.<\/span><\/p>\t\t\t\t\t\t\t\t<\/div>\n\t\t<div class=\"elementor-element elementor-element-b82ddff e-flex e-con-boxed e-con e-child\" data-id=\"b82ddff\" data-element_type=\"container\" data-e-type=\"container\">\n\t\t\t\t\t<div class=\"e-con-inner\">\n\t\t<div class=\"elementor-element elementor-element-2fde2cb8 e-con-full e-flex e-con e-child\" data-id=\"2fde2cb8\" data-element_type=\"container\" data-e-type=\"container\">\n\t\t\t\t<div class=\"elementor-element elementor-element-5e23d015 elementor-widget elementor-widget-heading\" data-id=\"5e23d015\" data-element_type=\"widget\" data-e-type=\"widget\" data-widget_type=\"heading.default\">\n\t\t\t\t\t<h2 class=\"elementor-heading-title elementor-size-default\">Starting at<\/h2>\t\t\t\t<\/div>\n\t\t\t\t<div class=\"elementor-element elementor-element-2dab029a elementor-widget elementor-widget-heading\" data-id=\"2dab029a\" data-element_type=\"widget\" data-e-type=\"widget\" data-widget_type=\"heading.default\">\n\t\t\t\t\t<h2 class=\"elementor-heading-title elementor-size-default\">$1500\/<\/h2>\t\t\t\t<\/div>\n\t\t\t\t<div class=\"elementor-element elementor-element-6104d493 elementor-widget elementor-widget-heading\" data-id=\"6104d493\" data-element_type=\"widget\" data-e-type=\"widget\" data-widget_type=\"heading.default\">\n\t\t\t\t\t<h2 class=\"elementor-heading-title elementor-size-default\">project<\/h2>\t\t\t\t<\/div>\n\t\t\t\t<\/div>\n\t\t\t\t<div class=\"elementor-element elementor-element-2eb1e605 elementor-mobile-align-justify elementor-widget-mobile__width-inherit elementor-align-right elementor-tablet-align-center elementor-widget-tablet__width-auto elementor-widget elementor-widget-button\" data-id=\"2eb1e605\" data-element_type=\"widget\" data-e-type=\"widget\" data-widget_type=\"button.default\">\n\t\t\t\t\t\t\t\t\t\t<a class=\"elementor-button elementor-button-link elementor-size-sm\" href=\"https:\/\/gfoxinsurance.com\/es\/business-insurance\/\">\n\t\t\t\t\t\t<span class=\"elementor-button-content-wrapper\">\n\t\t\t\t\t\t\t\t\t<span class=\"elementor-button-text\">Conozca M\u00e1s<\/span>\n\t\t\t\t\t<\/span>\n\t\t\t\t\t<\/a>\n\t\t\t\t\t\t\t\t<\/div>\n\t\t\t\t\t<\/div>\n\t\t\t\t<\/div>\n\t\t\t\t<\/div>\n\t\t<div class=\"elementor-element elementor-element-268cd171 e-con-full e-flex e-con e-child\" data-id=\"268cd171\" data-element_type=\"container\" data-e-type=\"container\" data-settings=\"{&quot;background_background&quot;:&quot;classic&quot;}\">\n\t\t\t\t<div class=\"elementor-element elementor-element-247ec368 elementor-widget__width-inherit elementor-widget elementor-widget-image\" data-id=\"247ec368\" data-element_type=\"widget\" data-e-type=\"widget\" data-widget_type=\"image.default\">\n\t\t\t\t\t\t\t\t\t\t\t\t\t\t\t<img loading=\"lazy\" decoding=\"async\" width=\"2560\" height=\"1707\" src=\"https:\/\/gfoxinsurance.com\/wp-content\/uploads\/2026\/02\/Contractor-Pic-scaled.jpg\" class=\"attachment-full size-full wp-image-739\" alt=\"\" srcset=\"https:\/\/gfoxinsurance.com\/wp-content\/uploads\/2026\/02\/Contractor-Pic-scaled.jpg 2560w, https:\/\/gfoxinsurance.com\/wp-content\/uploads\/2026\/02\/Contractor-Pic-300x200.jpg 300w, https:\/\/gfoxinsurance.com\/wp-content\/uploads\/2026\/02\/Contractor-Pic-1024x683.jpg 1024w, https:\/\/gfoxinsurance.com\/wp-content\/uploads\/2026\/02\/Contractor-Pic-768x512.jpg 768w, https:\/\/gfoxinsurance.com\/wp-content\/uploads\/2026\/02\/Contractor-Pic-1536x1024.jpg 1536w, https:\/\/gfoxinsurance.com\/wp-content\/uploads\/2026\/02\/Contractor-Pic-2048x1365.jpg 2048w, https:\/\/gfoxinsurance.com\/wp-content\/uploads\/2026\/02\/Contractor-Pic-18x12.jpg 18w, https:\/\/gfoxinsurance.com\/wp-content\/uploads\/2026\/02\/Contractor-Pic-930x620.jpg 930w\" sizes=\"(max-width: 2560px) 100vw, 2560px\" \/>\t\t\t\t\t\t\t\t\t\t\t\t\t\t\t<\/div>\n\t\t\t\t<div class=\"elementor-element elementor-element-2f0c0443 elementor-widget__width-inherit elementor-widget elementor-widget-heading\" data-id=\"2f0c0443\" data-element_type=\"widget\" data-e-type=\"widget\" data-widget_type=\"heading.default\">\n\t\t\t\t\t<h5 class=\"elementor-heading-title elementor-size-default\">Responsabilidad Civil para Contratistas<\/h5>\t\t\t\t<\/div>\n\t\t\t\t<div class=\"elementor-element elementor-element-7653ee4c elementor-widget__width-inherit elementor-widget elementor-widget-text-editor\" data-id=\"7653ee4c\" data-element_type=\"widget\" data-e-type=\"widget\" data-widget_type=\"text-editor.default\">\n\t\t\t\t\t\t\t\t\t<p data-start=\"143\" data-end=\"323\">El seguro de responsabilidad civil para contratistas es una p\u00f3liza vital (y a menudo obligatoria) que protege a las empresas de construcci\u00f3n contra lesiones corporales de terceros, da\u00f1os a la propiedad y costos de defensa legal.<\/p><p data-start=\"325\" data-end=\"644\">En <strong data-start=\"328\" data-end=\"347\">G-Fox Insurance<\/strong>, Ayudamos a los contratistas a cumplir con los requisitos de la constructora y del proyecto, contratando las coberturas adecuadas. Esenciales para ganar licitaciones, las p\u00f3lizas est\u00e1ndar protegen contra accidentes en la obra, con coberturas adicionales disponibles para herramientas y equipos (seguro mar\u00edtimo terrestre\/interior), operaciones completadas y responsabilidad civil profesional.<\/p>\t\t\t\t\t\t\t\t<\/div>\n\t\t<div class=\"elementor-element elementor-element-46947054 e-flex e-con-boxed e-con e-child\" data-id=\"46947054\" data-element_type=\"container\" data-e-type=\"container\">\n\t\t\t\t\t<div class=\"e-con-inner\">\n\t\t<div class=\"elementor-element elementor-element-3c8d0f25 e-con-full e-flex e-con e-child\" data-id=\"3c8d0f25\" data-element_type=\"container\" data-e-type=\"container\">\n\t\t\t\t<div class=\"elementor-element elementor-element-43bcb95a elementor-widget elementor-widget-heading\" data-id=\"43bcb95a\" data-element_type=\"widget\" data-e-type=\"widget\" data-widget_type=\"heading.default\">\n\t\t\t\t\t<h2 class=\"elementor-heading-title elementor-size-default\">Starting at<\/h2>\t\t\t\t<\/div>\n\t\t\t\t<div class=\"elementor-element elementor-element-c790820 elementor-widget elementor-widget-heading\" data-id=\"c790820\" data-element_type=\"widget\" data-e-type=\"widget\" data-widget_type=\"heading.default\">\n\t\t\t\t\t<h2 class=\"elementor-heading-title elementor-size-default\">$2000\/<\/h2>\t\t\t\t<\/div>\n\t\t\t\t<div class=\"elementor-element elementor-element-31b0dfd2 elementor-widget elementor-widget-heading\" data-id=\"31b0dfd2\" data-element_type=\"widget\" data-e-type=\"widget\" data-widget_type=\"heading.default\">\n\t\t\t\t\t<h2 class=\"elementor-heading-title elementor-size-default\">project<\/h2>\t\t\t\t<\/div>\n\t\t\t\t<\/div>\n\t\t\t\t<div class=\"elementor-element elementor-element-6d38583e elementor-mobile-align-justify elementor-widget-mobile__width-inherit elementor-align-right elementor-tablet-align-center elementor-widget-tablet__width-auto elementor-widget elementor-widget-button\" data-id=\"6d38583e\" data-element_type=\"widget\" data-e-type=\"widget\" data-widget_type=\"button.default\">\n\t\t\t\t\t\t\t\t\t\t<a class=\"elementor-button elementor-button-link elementor-size-sm\" href=\"https:\/\/gfoxinsurance.com\/es\/contractors-liability\/\">\n\t\t\t\t\t\t<span class=\"elementor-button-content-wrapper\">\n\t\t\t\t\t\t\t\t\t<span class=\"elementor-button-text\">Conozca M\u00e1s<\/span>\n\t\t\t\t\t<\/span>\n\t\t\t\t\t<\/a>\n\t\t\t\t\t\t\t\t<\/div>\n\t\t\t\t\t<\/div>\n\t\t\t\t<\/div>\n\t\t\t\t<\/div>\n\t\t\t\t\t<\/div>\n\t\t\t\t<\/div>\n\t\t\t\t\t<\/div>\n\t\t\t\t<\/div>\n\t\t\t\t<\/div>","protected":false},"excerpt":{"rendered":"<p>Home Services Services Our Services Personalized insurance for Texas clients. Auto, Home, Business, and More. As a Texas-licensed insurance agency, G-Fox Insurance works with multiple insurance carriers to offer a wide range of coverage options across personal and commercial lines. Auto Insurance Made Simple At G-Fox Insurance, we help drivers in Marble Falls, Houston, and<\/p>","protected":false},"author":1,"featured_media":0,"parent":0,"menu_order":0,"comment_status":"closed","ping_status":"closed","template":"elementor_header_footer","meta":{"solace_meta_sidebar":"","solace_meta_container":"","solace_meta_enable_content_width":"","solace_meta_content_width":0,"solace_meta_title_alignment":"","solace_meta_author_avatar":"","solace_post_elements_order":"","solace_meta_disable_header":"","solace_meta_disable_footer":"","solace_meta_disable_title":"","footnotes":""},"class_list":["post-323","page","type-page","status-publish","hentry"],"brizy_media":[],"_links":{"self":[{"href":"https:\/\/gfoxinsurance.com\/es\/wp-json\/wp\/v2\/pages\/323","targetHints":{"allow":["GET"]}}],"collection":[{"href":"https:\/\/gfoxinsurance.com\/es\/wp-json\/wp\/v2\/pages"}],"about":[{"href":"https:\/\/gfoxinsurance.com\/es\/wp-json\/wp\/v2\/types\/page"}],"author":[{"embeddable":true,"href":"https:\/\/gfoxinsurance.com\/es\/wp-json\/wp\/v2\/users\/1"}],"replies":[{"embeddable":true,"href":"https:\/\/gfoxinsurance.com\/es\/wp-json\/wp\/v2\/comments?post=323"}],"version-history":[{"count":5,"href":"https:\/\/gfoxinsurance.com\/es\/wp-json\/wp\/v2\/pages\/323\/revisions"}],"predecessor-version":[{"id":866,"href":"https:\/\/gfoxinsurance.com\/es\/wp-json\/wp\/v2\/pages\/323\/revisions\/866"}],"wp:attachment":[{"href":"https:\/\/gfoxinsurance.com\/es\/wp-json\/wp\/v2\/media?parent=323"}],"curies":[{"name":"wp","href":"https:\/\/api.w.org\/{rel}","templated":true}]}}